{"id":761,"date":"2024-05-20T13:49:26","date_gmt":"2024-05-20T13:49:26","guid":{"rendered":"https:\/\/mirotex-acoustique.fr\/site\/?page_id=761"},"modified":"2024-05-20T21:12:15","modified_gmt":"2024-05-20T21:12:15","slug":"mentions-legales","status":"publish","type":"page","link":"https:\/\/mirotex-acoustique.fr\/site\/mentions-legales\/","title":{"rendered":"Mentions L\u00e9gales"},"content":{"rendered":"\t\t<div data-elementor-type=\"wp-page\" data-elementor-id=\"761\" class=\"elementor elementor-761\">\n\t\t\t\t<div class=\"elementor-element elementor-element-0b04e76 e-flex e-con-boxed e-con e-parent\" data-id=\"0b04e76\" data-element_type=\"container\">\n\t\t\t\t\t<div class=\"e-con-inner\">\n\t\t\t\t<div class=\"elementor-element elementor-element-5ced285 elementor-widget elementor-widget-heading\" data-id=\"5ced285\" data-element_type=\"widget\" data-widget_type=\"heading.default\">\n\t\t\t\t<div class=\"elementor-widget-container\">\n\t\t\t<style>\/*! elementor - v3.21.0 - 08-05-2024 *\/\n.elementor-heading-title{padding:0;margin:0;line-height:1}.elementor-widget-heading .elementor-heading-title[class*=elementor-size-]>a{color:inherit;font-size:inherit;line-height:inherit}.elementor-widget-heading .elementor-heading-title.elementor-size-small{font-size:15px}.elementor-widget-heading .elementor-heading-title.elementor-size-medium{font-size:19px}.elementor-widget-heading .elementor-heading-title.elementor-size-large{font-size:29px}.elementor-widget-heading .elementor-heading-title.elementor-size-xl{font-size:39px}.elementor-widget-heading .elementor-heading-title.elementor-size-xxl{font-size:59px}<\/style><h2 class=\"elementor-heading-title elementor-size-default\">Mentions L\u00e9gales Miro-Tex<\/h2>\t\t<\/div>\n\t\t\t\t<\/div>\n\t\t\t\t\t<\/div>\n\t\t\t\t<\/div>\n\t\t<div class=\"elementor-element elementor-element-873115c e-flex e-con-boxed e-con e-parent\" data-id=\"873115c\" data-element_type=\"container\">\n\t\t\t\t\t<div class=\"e-con-inner\">\n\t\t\t\t<div class=\"elementor-element elementor-element-40f3eab elementor-widget elementor-widget-text-editor\" data-id=\"40f3eab\" data-element_type=\"widget\" data-widget_type=\"text-editor.default\">\n\t\t\t\t<div class=\"elementor-widget-container\">\n\t\t\t<style>\/*! elementor - v3.21.0 - 08-05-2024 *\/\n.elementor-widget-text-editor.elementor-drop-cap-view-stacked .elementor-drop-cap{background-color:#69727d;color:#fff}.elementor-widget-text-editor.elementor-drop-cap-view-framed .elementor-drop-cap{color:#69727d;border:3px solid;background-color:transparent}.elementor-widget-text-editor:not(.elementor-drop-cap-view-default) .elementor-drop-cap{margin-top:8px}.elementor-widget-text-editor:not(.elementor-drop-cap-view-default) .elementor-drop-cap-letter{width:1em;height:1em}.elementor-widget-text-editor .elementor-drop-cap{float:left;text-align:center;line-height:1;font-size:50px}.elementor-widget-text-editor .elementor-drop-cap-letter{display:inline-block}<\/style>\t\t\t\t<p>Directeur de la Publication : M. <strong>Thierry HAGUENIER<\/strong><\/p><p>Le pr\u00e9sent site Internet est exploit\u00e9 par la soci\u00e9t\u00e9 :<\/p><p><b>MIROLLEGE<\/b><\/p><p><span style=\"color: var( --e-global-color-text ); font-family: var( --e-global-typography-text-font-family ), Sans-serif; font-weight: var( --e-global-typography-text-font-weight ); font-size: 1rem;\">No de siret : 85245694600015<\/span><\/p><p>Code Ape : 4333ZZ<\/p><p>RCS : Creteil B 852 456 946<\/p><p>No de TVA Intracommumautaire : FR91852456946<\/p><p>Si\u00e8ge social :<\/p><p><strong>Miroll\u00e8ge<\/strong><br \/>65, rue Jean Savu<br \/>94500 Champigny-sur-Marne<br \/>T\u00e9l. : 01 48 82 05 38<\/p><p>Conception, r\u00e9alisation du site Internet et h\u00e9bergement : RS-FRANCE.COM<\/p>\t\t\t\t\t\t<\/div>\n\t\t\t\t<\/div>\n\t\t\t\t\t<\/div>\n\t\t\t\t<\/div>\n\t\t<div class=\"elementor-element elementor-element-a0ef7d9 e-flex e-con-boxed e-con e-parent\" data-id=\"a0ef7d9\" data-element_type=\"container\">\n\t\t\t\t\t<div class=\"e-con-inner\">\n\t\t\t\t<div class=\"elementor-element elementor-element-26d4929 elementor-widget elementor-widget-heading\" data-id=\"26d4929\" data-element_type=\"widget\" data-widget_type=\"heading.default\">\n\t\t\t\t<div class=\"elementor-widget-container\">\n\t\t\t<h2 class=\"elementor-heading-title elementor-size-default\"><a href=\"https:\/\/mirotex-acoustique.fr\/site\/\">Retour au Site<\/a><\/h2>\t\t<\/div>\n\t\t\t\t<\/div>\n\t\t\t\t\t<\/div>\n\t\t\t\t<\/div>\n\t\t\t\t<\/div>\n\t\t","protected":false},"excerpt":{"rendered":"<p>Mentions L\u00e9gales Miro-Tex Directeur de la Publication : M. Thierry HAGUENIER Le pr\u00e9sent site Internet est exploit\u00e9 par la soci\u00e9t\u00e9 : MIROLLEGE No de siret : 85245694600015 Code Ape : 4333ZZ RCS : Creteil B 852 456 946 No de TVA Intracommumautaire : FR91852456946 Si\u00e8ge social : Miroll\u00e8ge65, rue Jean Savu94500 Champigny-sur-MarneT\u00e9l. : 01 48 [&hellip;]<\/p>\n","protected":false},"author":1,"featured_media":0,"parent":0,"menu_order":0,"comment_status":"closed","ping_status":"closed","template":"elementor_header_footer","meta":{"footnotes":""},"class_list":["post-761","page","type-page","status-publish","hentry"],"yoast_head":"<!-- This site is optimized with the Yoast SEO plugin v22.7 - https:\/\/yoast.com\/wordpress\/plugins\/seo\/ -->\n<title>Mentions L\u00e9gales - Miro-Tex Acoustique<\/title>\n<meta name=\"robots\" content=\"index, follow, max-snippet:-1, max-image-preview:large, max-video-preview:-1\" \/>\n<link rel=\"canonical\" href=\"https:\/\/mirotex-acoustique.fr\/site\/mentions-legales\/\" \/>\n<meta property=\"og:locale\" content=\"fr_FR\" \/>\n<meta property=\"og:type\" content=\"article\" \/>\n<meta property=\"og:title\" content=\"Mentions L\u00e9gales - Miro-Tex Acoustique\" \/>\n<meta property=\"og:description\" content=\"Mentions L\u00e9gales Miro-Tex Directeur de la Publication : M. Thierry HAGUENIER Le pr\u00e9sent site Internet est exploit\u00e9 par la soci\u00e9t\u00e9 : MIROLLEGE No de siret : 85245694600015 Code Ape : 4333ZZ RCS : Creteil B 852 456 946 No de TVA Intracommumautaire : FR91852456946 Si\u00e8ge social : Miroll\u00e8ge65, rue Jean Savu94500 Champigny-sur-MarneT\u00e9l. : 01 48 [&hellip;]\" \/>\n<meta property=\"og:url\" content=\"https:\/\/mirotex-acoustique.fr\/site\/mentions-legales\/\" \/>\n<meta property=\"og:site_name\" content=\"Miro-Tex Acoustique\" \/>\n<meta property=\"article:modified_time\" content=\"2024-05-20T21:12:15+00:00\" \/>\n<meta name=\"twitter:card\" content=\"summary_large_image\" \/>\n<meta name=\"twitter:label1\" content=\"Dur\u00e9e de lecture estim\u00e9e\" \/>\n\t<meta name=\"twitter:data1\" content=\"1 minute\" \/>\n<script type=\"application\/ld+json\" class=\"yoast-schema-graph\">{\"@context\":\"https:\/\/schema.org\",\"@graph\":[{\"@type\":\"WebPage\",\"@id\":\"https:\/\/mirotex-acoustique.fr\/site\/mentions-legales\/\",\"url\":\"https:\/\/mirotex-acoustique.fr\/site\/mentions-legales\/\",\"name\":\"Mentions L\u00e9gales - Miro-Tex Acoustique\",\"isPartOf\":{\"@id\":\"https:\/\/mirotex-acoustique.fr\/site\/#website\"},\"datePublished\":\"2024-05-20T13:49:26+00:00\",\"dateModified\":\"2024-05-20T21:12:15+00:00\",\"breadcrumb\":{\"@id\":\"https:\/\/mirotex-acoustique.fr\/site\/mentions-legales\/#breadcrumb\"},\"inLanguage\":\"fr-FR\",\"potentialAction\":[{\"@type\":\"ReadAction\",\"target\":[\"https:\/\/mirotex-acoustique.fr\/site\/mentions-legales\/\"]}]},{\"@type\":\"BreadcrumbList\",\"@id\":\"https:\/\/mirotex-acoustique.fr\/site\/mentions-legales\/#breadcrumb\",\"itemListElement\":[{\"@type\":\"ListItem\",\"position\":1,\"name\":\"Accueil\",\"item\":\"https:\/\/mirotex-acoustique.fr\/site\/\"},{\"@type\":\"ListItem\",\"position\":2,\"name\":\"Mentions L\u00e9gales\"}]},{\"@type\":\"WebSite\",\"@id\":\"https:\/\/mirotex-acoustique.fr\/site\/#website\",\"url\":\"https:\/\/mirotex-acoustique.fr\/site\/\",\"name\":\"Miro-Tex Acoustique\",\"description\":\"Solutions Acoustiques pour Professionnels\",\"potentialAction\":[{\"@type\":\"SearchAction\",\"target\":{\"@type\":\"EntryPoint\",\"urlTemplate\":\"https:\/\/mirotex-acoustique.fr\/site\/?s={search_term_string}\"},\"query-input\":\"required name=search_term_string\"}],\"inLanguage\":\"fr-FR\"}]}<\/script>\n<!-- \/ Yoast SEO plugin. -->","yoast_head_json":{"title":"Mentions L\u00e9gales - Miro-Tex Acoustique","robots":{"index":"index","follow":"follow","max-snippet":"max-snippet:-1","max-image-preview":"max-image-preview:large","max-video-preview":"max-video-preview:-1"},"canonical":"https:\/\/mirotex-acoustique.fr\/site\/mentions-legales\/","og_locale":"fr_FR","og_type":"article","og_title":"Mentions L\u00e9gales - Miro-Tex Acoustique","og_description":"Mentions L\u00e9gales Miro-Tex Directeur de la Publication : M. Thierry HAGUENIER Le pr\u00e9sent site Internet est exploit\u00e9 par la soci\u00e9t\u00e9 : MIROLLEGE No de siret : 85245694600015 Code Ape : 4333ZZ RCS : Creteil B 852 456 946 No de TVA Intracommumautaire : FR91852456946 Si\u00e8ge social : Miroll\u00e8ge65, rue Jean Savu94500 Champigny-sur-MarneT\u00e9l. : 01 48 [&hellip;]","og_url":"https:\/\/mirotex-acoustique.fr\/site\/mentions-legales\/","og_site_name":"Miro-Tex Acoustique","article_modified_time":"2024-05-20T21:12:15+00:00","twitter_card":"summary_large_image","twitter_misc":{"Dur\u00e9e de lecture estim\u00e9e":"1 minute"},"schema":{"@context":"https:\/\/schema.org","@graph":[{"@type":"WebPage","@id":"https:\/\/mirotex-acoustique.fr\/site\/mentions-legales\/","url":"https:\/\/mirotex-acoustique.fr\/site\/mentions-legales\/","name":"Mentions L\u00e9gales - Miro-Tex Acoustique","isPartOf":{"@id":"https:\/\/mirotex-acoustique.fr\/site\/#website"},"datePublished":"2024-05-20T13:49:26+00:00","dateModified":"2024-05-20T21:12:15+00:00","breadcrumb":{"@id":"https:\/\/mirotex-acoustique.fr\/site\/mentions-legales\/#breadcrumb"},"inLanguage":"fr-FR","potentialAction":[{"@type":"ReadAction","target":["https:\/\/mirotex-acoustique.fr\/site\/mentions-legales\/"]}]},{"@type":"BreadcrumbList","@id":"https:\/\/mirotex-acoustique.fr\/site\/mentions-legales\/#breadcrumb","itemListElement":[{"@type":"ListItem","position":1,"name":"Accueil","item":"https:\/\/mirotex-acoustique.fr\/site\/"},{"@type":"ListItem","position":2,"name":"Mentions L\u00e9gales"}]},{"@type":"WebSite","@id":"https:\/\/mirotex-acoustique.fr\/site\/#website","url":"https:\/\/mirotex-acoustique.fr\/site\/","name":"Miro-Tex Acoustique","description":"Solutions Acoustiques pour Professionnels","potentialAction":[{"@type":"SearchAction","target":{"@type":"EntryPoint","urlTemplate":"https:\/\/mirotex-acoustique.fr\/site\/?s={search_term_string}"},"query-input":"required name=search_term_string"}],"inLanguage":"fr-FR"}]}},"_links":{"self":[{"href":"https:\/\/mirotex-acoustique.fr\/site\/wp-json\/wp\/v2\/pages\/761","targetHints":{"allow":["GET"]}}],"collection":[{"href":"https:\/\/mirotex-acoustique.fr\/site\/wp-json\/wp\/v2\/pages"}],"about":[{"href":"https:\/\/mirotex-acoustique.fr\/site\/wp-json\/wp\/v2\/types\/page"}],"author":[{"embeddable":true,"href":"https:\/\/mirotex-acoustique.fr\/site\/wp-json\/wp\/v2\/users\/1"}],"replies":[{"embeddable":true,"href":"https:\/\/mirotex-acoustique.fr\/site\/wp-json\/wp\/v2\/comments?post=761"}],"version-history":[{"count":25,"href":"https:\/\/mirotex-acoustique.fr\/site\/wp-json\/wp\/v2\/pages\/761\/revisions"}],"predecessor-version":[{"id":898,"href":"https:\/\/mirotex-acoustique.fr\/site\/wp-json\/wp\/v2\/pages\/761\/revisions\/898"}],"wp:attachment":[{"href":"https:\/\/mirotex-acoustique.fr\/site\/wp-json\/wp\/v2\/media?parent=761"}],"curies":[{"name":"wp","href":"https:\/\/api.w.org\/{rel}","templated":true}]}}